{"id":2058,"date":"2021-01-17T09:55:12","date_gmt":"2021-01-17T09:55:12","guid":{"rendered":"https:\/\/fustesprat.cat\/politica-de-cookies-ue\/"},"modified":"2021-03-27T08:10:07","modified_gmt":"2021-03-27T08:10:07","slug":"politica-de-cookies-ue","status":"publish","type":"page","link":"https:\/\/fustesprat.cat\/ca\/politica-de-cookies-ue\/","title":{"rendered":"Pol\u00edtica de cookies (UE)"},"content":{"rendered":"\t\t<div data-elementor-type=\"wp-page\" data-elementor-id=\"2058\" class=\"elementor elementor-2058 elementor-2019\">\n\t\t\t\t\t\t<div class=\"elementor-inner\">\n\t\t\t\t<div class=\"elementor-section-wrap\">\n\t\t\t\t\t\t\t\t\t<section class=\"elementor-section elementor-top-section elementor-element elementor-element-9c65974 elementor-section-boxed elementor-section-height-default elementor-section-height-default\" data-id=\"9c65974\" data-element_type=\"section\">\n\t\t\t\t\t\t<div class=\"elementor-container elementor-column-gap-default\">\n\t\t\t\t\t\t\t<div class=\"elementor-row\">\n\t\t\t\t\t<div class=\"elementor-column elementor-col-100 elementor-top-column elementor-element elementor-element-1cfb1a25\" data-id=\"1cfb1a25\" data-element_type=\"column\">\n\t\t\t<div class=\"elementor-column-wrap elementor-element-populated\">\n\t\t\t\t\t\t\t<div class=\"elementor-widget-wrap\">\n\t\t\t\t\t\t<div class=\"elementor-element elementor-element-1f0a2fa elementor-widget elementor-widget-heading\" data-id=\"1f0a2fa\" data-element_type=\"widget\" data-widget_type=\"heading.default\">\n\t\t\t\t<div class=\"elementor-widget-container\">\n\t\t\t<h2 class=\"elementor-heading-title elementor-size-default\">Pol\u00edtica de cookies (UE)<\/h2>\t\t<\/div>\n\t\t\t\t<\/div>\n\t\t\t\t\t\t<\/div>\n\t\t\t\t\t<\/div>\n\t\t<\/div>\n\t\t\t\t\t\t\t\t<\/div>\n\t\t\t\t\t<\/div>\n\t\t<\/section>\n\t\t\t\t<section class=\"elementor-section elementor-top-section elementor-element elementor-element-a34fb60 elementor-section-boxed elementor-section-height-default elementor-section-height-default\" data-id=\"a34fb60\" data-element_type=\"section\">\n\t\t\t\t\t\t<div class=\"elementor-container elementor-column-gap-default\">\n\t\t\t\t\t\t\t<div class=\"elementor-row\">\n\t\t\t\t\t<div class=\"elementor-column elementor-col-100 elementor-top-column elementor-element elementor-element-5be84ec\" data-id=\"5be84ec\" data-element_type=\"column\">\n\t\t\t<div class=\"elementor-column-wrap elementor-element-populated\">\n\t\t\t\t\t\t\t<div class=\"elementor-widget-wrap\">\n\t\t\t\t\t\t<div class=\"elementor-element elementor-element-4562437 elementor-widget elementor-widget-text-editor\" data-id=\"4562437\" data-element_type=\"widget\" data-widget_type=\"text-editor.default\">\n\t\t\t\t<div class=\"elementor-widget-container\">\n\t\t\t\t\t\t\t\t<div class=\"elementor-text-editor elementor-clearfix\">\n\t\t\t\t<div class=\"elementor-element elementor-element-1f0a2fa elementor-widget elementor-widget-heading\" data-id=\"1f0a2fa\" data-element_type=\"widget\" data-widget_type=\"heading.default\">\n<div class=\"elementor-widget-container\">\n<h2 class=\"elementor-heading-title elementor-size-default\"><i style=\"font-size: 16px; font-weight: inherit;\">Aquesta pol\u00edtica de cookies ha estat actualitzada per darrera vegada el 11 gener 2021 i s&#8217;aplica als ciutadans de l&#8217;Espai Econ\u00f2mic Europeu.<\/i><\/h2>\n<\/div>\n<\/div>\n<div class=\"elementor-element elementor-element-512080aa elementor-widget elementor-widget-shortcode\" data-id=\"512080aa\" data-element_type=\"widget\" data-widget_type=\"shortcode.default\">\n<div class=\"elementor-widget-container\">\n<div class=\"elementor-shortcode\">\n<div id=\"cmplz-document\" class=\"cmplz-document cookie-statement\">\n<h2>1. Introducci\u00f3<\/h2>\n<p>La nostra web,&nbsp;<a href=\"https:\/\/y4vnv4qzjyxgb7y25w55nybmci--sucesoresprat-com.translate.goog\/politica-de-cookies-ue\/\">https:\/\/fustesprat.cat<\/a>&nbsp;(d&#8217;ara endavant: \u00abel web\u00bb) utilitza cookies i altres tecnologies relacionades (per a m\u00e9s comoditat, totes les tecnologies es denominen \u00abcookies\u00bb).&nbsp;Les galetes tamb\u00e9 s\u00f3n col\u00b7locades per tercers als quals hem contractat.&nbsp;En el seg\u00fcent document t&#8217;informem sobre l&#8217;\u00fas de cookies al nostre web.<\/p>\n<h2>2. Qu\u00e8 s\u00f3n les galetes?<\/h2>\n<p>Una galeta \u00e9s un petit arxiu simple que s&#8217;envia juntament amb les p\u00e0gines d&#8217;aquest web i que el teu navegador emmagatzema al disc dur del teu ordinador o d&#8217;un altre dispositiu.&nbsp;La informaci\u00f3 emmagatzemada pot ser retornada als nostres servidors o als servidors de tercers rellevants durant una visita posterior.<\/p>\n<h2>3. Qu\u00e8 s\u00f3n els scripts?<\/h2>\n<p>Un script \u00e9s un fragment de codi de programa que s&#8217;utilitza per fer que la nostra web funcioni correctament i de forma interactiva.&nbsp;Aquest codi s&#8217;executa en el nostre servidor o en el teu dispositiu.<\/p>\n<h2>4. Qu\u00e8 \u00e9s una balisa web?<\/h2>\n<p>Una balisa web (o una etiqueta de p\u00edxel) \u00e9s una petita i invisible pe\u00e7a de text o imatge en un web que s&#8217;utilitza per fer seguiment de l&#8217;tr\u00e0nsit en un web.&nbsp;Per a aix\u00f2, s&#8217;emmagatzemen diverses dades sobre tu mitjan\u00e7ant balises web.<\/p>\n<h2>5. Cookies<\/h2>\n<p class=\"cmplz-subtitle\">5.1 Galetes t\u00e8cniques o funcionals<\/p>\n<p>Algunes galetes asseguren que certes parts del web funcionin correctament i que les teves prefer\u00e8ncies d&#8217;usuari segueixin recordant.&nbsp;A l&#8217;col\u00b7locar galetes funcionals, et facilitem la visita al nostre web.&nbsp;D&#8217;aquesta manera, no necessites introduir repetidament la mateixa informaci\u00f3 quan visites la nostra web i, per exemple, els articles romanen en la cistella de la compra fins que hagis pagat.&nbsp;Podem posar aquestes galetes sense el teu consentiment.<\/p>\n<p class=\"cmplz-subtitle\">5.2 Galetes anal\u00edtiques<\/p>\n<p>Fem servir galetes anal\u00edtiques per optimitzar l&#8217;experi\u00e8ncia en el lloc web per als nostres usuaris.&nbsp;Amb aquestes cookies anal\u00edtiques obtenim coneixements de l&#8217;\u00fas del nostre lloc web.&nbsp;Et demanem la teva perm\u00eds per inserir galetes anal\u00edtiques.<\/p>\n<p class=\"cmplz-subtitle\">5.3 Galetes de publicitat<\/p>\n<p>En aquest web fem servir cookies de publicitat, permetent-nos obtenir informaci\u00f3 sobre els resultats de la campanya.&nbsp;Aix\u00f2 succeeix en base a un perfil que vam crear basat en el teu comportament en&nbsp;<a href=\"https:\/\/y4vnv4qzjyxgb7y25w55nybmci--sucesoresprat-com.translate.goog\/politica-de-cookies-ue\/\">https:\/\/fustesprat.cat<\/a>&nbsp;.&nbsp;Amb aquestes galetes tu, com visitant de la web, est\u00e0s associat a un ID \u00fanic, per\u00f2 aquestes galetes no crearan un perfil del teu comportament i interessos per presentar-te anuncis personalitzats.<\/p>\n<p class=\"cmplz-subtitle\">5.4 Galetes de m\u00e0rqueting \/ seguiment<\/p>\n<p>Les galetes de m\u00e0rqueting \/ seguiment s\u00f3n galetes, o qualsevol altra forma d&#8217;emmagatzematge local, usades per crear perfils d&#8217;usuari per mostrar publicitat o per fer el seguiment de l&#8217;usuari en aquesta web o en diverses webs amb fins de m\u00e0rqueting similars.<\/p>\n<p>A causa de que aquestes galetes estan marcades com a galetes de seguiment, et demanem la teva perm\u00eds per col\u00b7locar-les.<\/p>\n<p class=\"cmplz-subtitle\">5.5 Botons de mitjans socials<\/p>\n<p>A la nostra web hem inclosos botons per a Facebook promocionar p\u00e0gines (p. Ex. \u00abM&#8217;agrada\u00bb, \u00abpin\u00bb) o compartir-les (p\u00e0g. Ex. \u00abTuitejar\u00bb) en xarxes socials com Facebook.&nbsp;Aquests botons funcionen usant codi de Facebook ells mateixos.&nbsp;Aquest codi s&#8217;incrusta cookies.&nbsp;Aquests botons de xarxes socials poden emmagatzemar i processar certa informaci\u00f3, d&#8217;aquesta manera pot ser mostrat un anunci personalitzat.<\/p>\n<p>Si us plau llegeix la pol\u00edtica de privacitat d&#8217;aquestes xarxes socials (que pot canviar freq\u00fcentment) per saber que fan amb les teves dades (personals) que processen utilitzant aquestes galetes.&nbsp;Les dades que reben s\u00f3n anonimitzades el m\u00e0xim possible.&nbsp;Facebook est\u00e0 ubicat als Estats Units.<\/p>\n<h2>6. Galetes usades<\/h2>\n<div id=\"cmplz-cookies-overview\">\n<div class=\"cmplz-service-header\">\n<h3>Elementor<\/h3>\n<\/div>\n<div class=\"cmplz-service-header\">\n<h3>WooCommerce<\/h3>\n<\/div>\n<div class=\"cmplz-service-header\">\n<h3>GDPR Cookie Consent B\u00e0ner<\/h3>\n<\/div>\n<div class=\"cmplz-service-header\">\n<h3>WordPress<\/h3>\n<\/div>\n<div class=\"cmplz-service-header\">\n<h3>Google reCAPTCHA<\/h3>\n<\/div>\n<div class=\"cmplz-service-header\">\n<h3>Google Maps<\/h3>\n<\/div>\n<div class=\"cmplz-service-header\">\n<h3>YouTube<\/h3>\n<\/div>\n<div class=\"cmplz-service-header\">\n<h3>Facebook<\/h3>\n<\/div>\n<div class=\"cmplz-service-header\">\n<h3>diversos<\/h3>\n<\/div>\n<\/div>\n<h2>7. Consentiment<\/h2>\n<p>Quan visitis la nostra web per primera vegada, et mostrarem una finestra emergent amb una explicaci\u00f3 sobre les galetes.&nbsp;Tan aviat com facis clic en &#8220;Desa prefer\u00e8ncies\u00bb, acceptes que usem les categories de galetes i connectors que has seleccionat a la finestra emergent, tal com es descriu en aquesta pol\u00edtica de galetes.&nbsp;Pots desactivar l&#8217;\u00fas de cookies a trav\u00e9s del teu navegador, per\u00f2, si us plau, tingues en compte que la nostra web pot deixar de funcionar.<\/p>\n<p class=\"cmplz-subtitle\">7.1 Gestiona la vostra configuraci\u00f3 de consentiment<\/p>\n<h2>8. Els teus drets respecte a les dades personals<\/h2>\n<p>Tens els seg\u00fcents drets respecte a les teves dades personals:<\/p>\n<ul>\n<li>T\u00e9 dret a saber per qu\u00e8 es necessiten les dades personals, qu\u00e8 passar\u00e0 amb ells i durant quant de temps es conservaran.<\/li>\n<li>Dret d&#8217;acc\u00e9s: tens dret a accedir a les teves dades personals que coneixem.<\/li>\n<li>Dret de rectificaci\u00f3: tens dret a completar, rectificar, esborrar o bloquejar les teves dades personals en qualsevol moment.<\/li>\n<li>Si ens dones el teu consentiment per a processar les dades, tens dret a revocar aquest consentiment ja que s&#8217;eliminin les teves dades personals.<\/li>\n<li>Dret de cessi\u00f3 de les teves dades: tens dret a sol\u00b7licitar totes les teves dades personals a el responsable de l&#8217;tractament ja transferir \u00edntegrament a un altre responsable de l&#8217;tractament.<\/li>\n<li>Dret d&#8217;oposici\u00f3: pots oposar-te al tractament de les teves dades.&nbsp;Nosaltres complim amb aix\u00f2, llevat que hi hagi motius justificats per al processament.<\/li>\n<\/ul>\n<p>Per exercir aquests drets, si us plau, contacta amb nosaltres.&nbsp;Si us plau, consulta els detalls de contacte a la part inferior d&#8217;aquesta pol\u00edtica de galetes.&nbsp;Si tens alguna queixa sobre com gestionem les vostres dades, ens agradaria que ens la fessis saber, per\u00f2 tamb\u00e9 tens dret a enviar una queixa a l&#8217;autoritat supervisora (l&#8217;autoritat de protecci\u00f3 de dades).<\/p>\n<h2>9. Activaci\u00f3, desactivaci\u00f3 i eliminaci\u00f3 de galetes<\/h2>\n<p>Pots utilitzar el teu navegador d&#8217;Internet per eliminar les cookies de forma autom\u00e0tica o manual.&nbsp;Tamb\u00e9 pots especificar que certes galetes no poden ser col\u00b7locades.&nbsp;Una altra opci\u00f3 \u00e9s canviar la configuraci\u00f3 del teu navegador d&#8217;Internet perqu\u00e8 rebis un missatge cada vegada que es col\u00b7loca una galeta.&nbsp;Per a m\u00e9s informaci\u00f3 sobre aquestes opcions, consulta les instruccions de la secci\u00f3 \u00abAjuda\u00bb del teu navegador.<\/p>\n<p>Tingues en compte que la nostra web pot no funcionar si totes les galetes estan desactivades.&nbsp;Si esborres les galetes del navegador, es tornaran a col\u00b7locar despr\u00e9s de la teva consentiment quan tornis a visitar les nostres webs.<\/p>\n<h2>10. Detalls de contacte<\/h2>\n<p>Per a preguntes i \/ o comentaris sobre la nostra pol\u00edtica de cookies i aquesta declaraci\u00f3, si us plau, contacta amb nosaltres usant les seg\u00fcents dades de contacte:<\/p>\n<p>SUCCESSORS PRAT SA<br>\nCarrer Vallparda, 90 &#8211; BS 1, L&#8217;hospitalet de Llobregat, 08904, Barcelona<br>\nEspanya<br>\nWebsite:&nbsp;<a href=\"https:\/\/y4vnv4qzjyxgb7y25w55nybmci--sucesoresprat-com.translate.goog\/politica-de-cookies-ue\/\">https:\/\/fustesprat.cat<\/a><br>\nemail:&nbsp;<a href=\"mailto:info@sucesoresprat.com\">info@sucesoresprat.com<\/a><br>\nN\u00famero de tel\u00e8fon: 934.491.761<\/p>\n<p>Aquesta pol\u00edtica de cookies ha estat sincronitzada amb&nbsp;<a href=\"https:\/\/translate.google.com\/website?sl=es&amp;tl=ca&amp;u=https:\/\/cookiedatabase.org\" target=\"_blank\" rel=\"noopener\">cookiedatabase.org<\/a>&nbsp;el 11 gener 2021&nbsp;<\/p><p><br><\/p>\n<\/div>\n<\/div>\n<\/div>\n<\/div>\t\t\t\t\t<\/div>\n\t\t\t\t\t\t<\/div>\n\t\t\t\t<\/div>\n\t\t\t\t\t\t<\/div>\n\t\t\t\t\t<\/div>\n\t\t<\/div>\n\t\t\t\t\t\t\t\t<\/div>\n\t\t\t\t\t<\/div>\n\t\t<\/section>\n\t\t\t\t\t\t\t\t\t<\/div>\n\t\t\t<\/div>\n\t\t\t\t\t<\/div>\n\t\t","protected":false},"excerpt":{"rendered":"<p>Aquesta pol\u00edtica de cookies ha estat actualitzada per darrera vegada el 11 gener 2021 i s&#8217;aplica als ciutadans de l&#8217;Espai Econ\u00f2mic Europeu. 1. Introducci\u00f3 La nostra web,&nbsp;https:\/\/fustesprat.cat&nbsp;(d&#8217;ara endavant: \u00abel web\u00bb) utilitza cookies i altres tecnologies relacionades (per a m\u00e9s comoditat, totes les tecnologies es denominen \u00abcookies\u00bb).&nbsp;Les galetes tamb\u00e9 s\u00f3n col\u00b7locades per tercers als quals hem [&hellip;]<\/p>\n","protected":false},"author":1,"featured_media":0,"parent":0,"menu_order":0,"comment_status":"closed","ping_status":"closed","template":"","meta":[],"yoast_head":"<!-- This site is optimized with the Yoast SEO plugin v20.10 - https:\/\/yoast.com\/wordpress\/plugins\/seo\/ -->\n<title>Pol\u00edtica de cookies (UE) - Fustes Prat - Sucesores Prat<\/title>\n<meta name=\"robots\" content=\"index, follow, max-snippet:-1, max-image-preview:large, max-video-preview:-1\" \/>\n<link rel=\"canonical\" href=\"https:\/\/fustesprat.cat\/ca\/politica-de-cookies-ue\/\" \/>\n<meta property=\"og:locale\" content=\"ca_ES\" \/>\n<meta property=\"og:type\" content=\"article\" \/>\n<meta property=\"og:title\" content=\"Pol\u00edtica de cookies (UE) - Fustes Prat - Sucesores Prat\" \/>\n<meta property=\"og:description\" content=\"Aquesta pol\u00edtica de cookies ha estat actualitzada per darrera vegada el 11 gener 2021 i s&#8217;aplica als ciutadans de l&#8217;Espai Econ\u00f2mic Europeu. 1. Introducci\u00f3 La nostra web,&nbsp;https:\/\/fustesprat.cat&nbsp;(d&#8217;ara endavant: \u00abel web\u00bb) utilitza cookies i altres tecnologies relacionades (per a m\u00e9s comoditat, totes les tecnologies es denominen \u00abcookies\u00bb).&nbsp;Les galetes tamb\u00e9 s\u00f3n col\u00b7locades per tercers als quals hem [&hellip;]\" \/>\n<meta property=\"og:url\" content=\"https:\/\/fustesprat.cat\/ca\/politica-de-cookies-ue\/\" \/>\n<meta property=\"og:site_name\" content=\"Fustes Prat - Sucesores Prat\" \/>\n<meta property=\"article:modified_time\" content=\"2021-03-27T08:10:07+00:00\" \/>\n<meta name=\"twitter:card\" content=\"summary_large_image\" \/>\n<script type=\"application\/ld+json\" class=\"yoast-schema-graph\">{\"@context\":\"https:\/\/schema.org\",\"@graph\":[{\"@type\":\"WebPage\",\"@id\":\"https:\/\/fustesprat.cat\/ca\/politica-de-cookies-ue\/\",\"url\":\"https:\/\/fustesprat.cat\/ca\/politica-de-cookies-ue\/\",\"name\":\"Pol\u00edtica de cookies (UE) - Fustes Prat - Sucesores Prat\",\"isPartOf\":{\"@id\":\"https:\/\/fustesprat.cat\/ca\/#website\"},\"datePublished\":\"2021-01-17T09:55:12+00:00\",\"dateModified\":\"2021-03-27T08:10:07+00:00\",\"breadcrumb\":{\"@id\":\"https:\/\/fustesprat.cat\/ca\/politica-de-cookies-ue\/#breadcrumb\"},\"inLanguage\":\"ca\",\"potentialAction\":[{\"@type\":\"ReadAction\",\"target\":[\"https:\/\/fustesprat.cat\/ca\/politica-de-cookies-ue\/\"]}]},{\"@type\":\"BreadcrumbList\",\"@id\":\"https:\/\/fustesprat.cat\/ca\/politica-de-cookies-ue\/#breadcrumb\",\"itemListElement\":[{\"@type\":\"ListItem\",\"position\":1,\"name\":\"Portada\",\"item\":\"https:\/\/fustesprat.cat\/ca\/\"},{\"@type\":\"ListItem\",\"position\":2,\"name\":\"Pol\u00edtica de cookies (UE)\"}]},{\"@type\":\"WebSite\",\"@id\":\"https:\/\/fustesprat.cat\/ca\/#website\",\"url\":\"https:\/\/fustesprat.cat\/ca\/\",\"name\":\"Fustes Prat - Sucesores Prat\",\"description\":\"Tableros, puertas, parquets, tarimas, celos\u00edas, frisos, listonaje,cocinas. Todo en madera.\",\"publisher\":{\"@id\":\"https:\/\/fustesprat.cat\/ca\/#organization\"},\"potentialAction\":[{\"@type\":\"SearchAction\",\"target\":{\"@type\":\"EntryPoint\",\"urlTemplate\":\"https:\/\/fustesprat.cat\/ca\/?s={search_term_string}\"},\"query-input\":\"required name=search_term_string\"}],\"inLanguage\":\"ca\"},{\"@type\":\"Organization\",\"@id\":\"https:\/\/fustesprat.cat\/ca\/#organization\",\"name\":\"Sucesores Prat S.A.\",\"url\":\"https:\/\/fustesprat.cat\/ca\/\",\"logo\":{\"@type\":\"ImageObject\",\"inLanguage\":\"ca\",\"@id\":\"https:\/\/fustesprat.cat\/ca\/#\/schema\/logo\/image\/\",\"url\":\"https:\/\/fustesprat.cat\/wp-content\/uploads\/2020\/07\/logo-fustesprat.jpg\",\"contentUrl\":\"https:\/\/fustesprat.cat\/wp-content\/uploads\/2020\/07\/logo-fustesprat.jpg\",\"width\":583,\"height\":209,\"caption\":\"Sucesores Prat S.A.\"},\"image\":{\"@id\":\"https:\/\/fustesprat.cat\/ca\/#\/schema\/logo\/image\/\"}}]}<\/script>\n<!-- \/ Yoast SEO plugin. -->","yoast_head_json":{"title":"Pol\u00edtica de cookies (UE) - Fustes Prat - Sucesores Prat","robots":{"index":"index","follow":"follow","max-snippet":"max-snippet:-1","max-image-preview":"max-image-preview:large","max-video-preview":"max-video-preview:-1"},"canonical":"https:\/\/fustesprat.cat\/ca\/politica-de-cookies-ue\/","og_locale":"ca_ES","og_type":"article","og_title":"Pol\u00edtica de cookies (UE) - Fustes Prat - Sucesores Prat","og_description":"Aquesta pol\u00edtica de cookies ha estat actualitzada per darrera vegada el 11 gener 2021 i s&#8217;aplica als ciutadans de l&#8217;Espai Econ\u00f2mic Europeu. 1. Introducci\u00f3 La nostra web,&nbsp;https:\/\/fustesprat.cat&nbsp;(d&#8217;ara endavant: \u00abel web\u00bb) utilitza cookies i altres tecnologies relacionades (per a m\u00e9s comoditat, totes les tecnologies es denominen \u00abcookies\u00bb).&nbsp;Les galetes tamb\u00e9 s\u00f3n col\u00b7locades per tercers als quals hem [&hellip;]","og_url":"https:\/\/fustesprat.cat\/ca\/politica-de-cookies-ue\/","og_site_name":"Fustes Prat - Sucesores Prat","article_modified_time":"2021-03-27T08:10:07+00:00","twitter_card":"summary_large_image","schema":{"@context":"https:\/\/schema.org","@graph":[{"@type":"WebPage","@id":"https:\/\/fustesprat.cat\/ca\/politica-de-cookies-ue\/","url":"https:\/\/fustesprat.cat\/ca\/politica-de-cookies-ue\/","name":"Pol\u00edtica de cookies (UE) - Fustes Prat - Sucesores Prat","isPartOf":{"@id":"https:\/\/fustesprat.cat\/ca\/#website"},"datePublished":"2021-01-17T09:55:12+00:00","dateModified":"2021-03-27T08:10:07+00:00","breadcrumb":{"@id":"https:\/\/fustesprat.cat\/ca\/politica-de-cookies-ue\/#breadcrumb"},"inLanguage":"ca","potentialAction":[{"@type":"ReadAction","target":["https:\/\/fustesprat.cat\/ca\/politica-de-cookies-ue\/"]}]},{"@type":"BreadcrumbList","@id":"https:\/\/fustesprat.cat\/ca\/politica-de-cookies-ue\/#breadcrumb","itemListElement":[{"@type":"ListItem","position":1,"name":"Portada","item":"https:\/\/fustesprat.cat\/ca\/"},{"@type":"ListItem","position":2,"name":"Pol\u00edtica de cookies (UE)"}]},{"@type":"WebSite","@id":"https:\/\/fustesprat.cat\/ca\/#website","url":"https:\/\/fustesprat.cat\/ca\/","name":"Fustes Prat - Sucesores Prat","description":"Tableros, puertas, parquets, tarimas, celos\u00edas, frisos, listonaje,cocinas. Todo en madera.","publisher":{"@id":"https:\/\/fustesprat.cat\/ca\/#organization"},"potentialAction":[{"@type":"SearchAction","target":{"@type":"EntryPoint","urlTemplate":"https:\/\/fustesprat.cat\/ca\/?s={search_term_string}"},"query-input":"required name=search_term_string"}],"inLanguage":"ca"},{"@type":"Organization","@id":"https:\/\/fustesprat.cat\/ca\/#organization","name":"Sucesores Prat S.A.","url":"https:\/\/fustesprat.cat\/ca\/","logo":{"@type":"ImageObject","inLanguage":"ca","@id":"https:\/\/fustesprat.cat\/ca\/#\/schema\/logo\/image\/","url":"https:\/\/fustesprat.cat\/wp-content\/uploads\/2020\/07\/logo-fustesprat.jpg","contentUrl":"https:\/\/fustesprat.cat\/wp-content\/uploads\/2020\/07\/logo-fustesprat.jpg","width":583,"height":209,"caption":"Sucesores Prat S.A."},"image":{"@id":"https:\/\/fustesprat.cat\/ca\/#\/schema\/logo\/image\/"}}]}},"_links":{"self":[{"href":"https:\/\/fustesprat.cat\/ca\/wp-json\/wp\/v2\/pages\/2058"}],"collection":[{"href":"https:\/\/fustesprat.cat\/ca\/wp-json\/wp\/v2\/pages"}],"about":[{"href":"https:\/\/fustesprat.cat\/ca\/wp-json\/wp\/v2\/types\/page"}],"author":[{"embeddable":true,"href":"https:\/\/fustesprat.cat\/ca\/wp-json\/wp\/v2\/users\/1"}],"replies":[{"embeddable":true,"href":"https:\/\/fustesprat.cat\/ca\/wp-json\/wp\/v2\/comments?post=2058"}],"version-history":[{"count":16,"href":"https:\/\/fustesprat.cat\/ca\/wp-json\/wp\/v2\/pages\/2058\/revisions"}],"predecessor-version":[{"id":3503,"href":"https:\/\/fustesprat.cat\/ca\/wp-json\/wp\/v2\/pages\/2058\/revisions\/3503"}],"wp:attachment":[{"href":"https:\/\/fustesprat.cat\/ca\/wp-json\/wp\/v2\/media?parent=2058"}],"curies":[{"name":"wp","href":"https:\/\/api.w.org\/{rel}","templated":true}]}}