{"id":2066,"date":"2021-01-17T10:06:47","date_gmt":"2021-01-17T10:06:47","guid":{"rendered":"https:\/\/fustesprat.cat\/avis-legal\/"},"modified":"2021-01-17T10:06:48","modified_gmt":"2021-01-17T10:06:48","slug":"avis-legal","status":"publish","type":"page","link":"https:\/\/fustesprat.cat\/ca\/avis-legal\/","title":{"rendered":"Av\u00eds legal"},"content":{"rendered":"\t\t<div data-elementor-type=\"wp-page\" data-elementor-id=\"2066\" class=\"elementor elementor-2066 elementor-30\">\n\t\t\t\t\t\t<div class=\"elementor-inner\">\n\t\t\t\t<div class=\"elementor-section-wrap\">\n\t\t\t\t\t\t\t\t\t<section class=\"elementor-section elementor-top-section elementor-element elementor-element-493d5c8 elementor-section-boxed elementor-section-height-default elementor-section-height-default\" data-id=\"493d5c8\" data-element_type=\"section\">\n\t\t\t\t\t\t<div class=\"elementor-container elementor-column-gap-default\">\n\t\t\t\t\t\t\t<div class=\"elementor-row\">\n\t\t\t\t\t<div class=\"elementor-column elementor-col-100 elementor-top-column elementor-element elementor-element-af85821\" data-id=\"af85821\" data-element_type=\"column\">\n\t\t\t<div class=\"elementor-column-wrap elementor-element-populated\">\n\t\t\t\t\t\t\t<div class=\"elementor-widget-wrap\">\n\t\t\t\t\t\t<div class=\"elementor-element elementor-element-c606944 elementor-widget elementor-widget-heading\" data-id=\"c606944\" data-element_type=\"widget\" data-widget_type=\"heading.default\">\n\t\t\t\t<div class=\"elementor-widget-container\">\n\t\t\t<h2 class=\"elementor-heading-title elementor-size-default\">Av\u00eds legal<\/h2>\t\t<\/div>\n\t\t\t\t<\/div>\n\t\t\t\t<div class=\"elementor-element elementor-element-0909bca elementor-widget elementor-widget-text-editor\" data-id=\"0909bca\" data-element_type=\"widget\" data-widget_type=\"text-editor.default\">\n\t\t\t\t<div class=\"elementor-widget-container\">\n\t\t\t\t\t\t\t\t<div class=\"elementor-text-editor elementor-clearfix\">\n\t\t\t\t<p>1.-DADES IDENTIFICATIVES<\/p>\n<p>En compliment amb el deure d&#8217;informaci\u00f3 recollit en article 10 de la Llei 34\/2002, d&#8217;11 de juliol, de Serveis de la Societat de la Informaci\u00f3 i del Comer\u00e7 Electr\u00f2nic, a continuaci\u00f3 es reflecteixen les seg\u00fcents dades: l&#8217;empresa titular de domini web \u00e9s Successors Prat S.A., amb domicili a aquest efecte en C\/ *Vallparda 90 , L\u00b4l&#8217;Hospitalet de Llobregat (08904) BARCELONA n\u00famero de N.I.F.: A08257727. Correu electr\u00f2nic de contacte: info@fustesprat.cat del lloc web.<\/p>\n<p>2.-USUARIS<\/p>\n<p>L&#8217;acc\u00e9s i\/o \u00fas d&#8217;aquest portal de Successors Prat S.A. atribueix la condici\u00f3 d&#8217;USUARI, que accepta, des d&#8217;aquest acc\u00e9s i\/o \u00fas, les Condicions Generals d&#8217;\u00das aqu\u00ed reflectides. Les citades Condicions seran aplicable independentment de les Condicions Generals de Contractaci\u00f3 que si escau resultin d&#8217;obligat compliment.<\/p>\n<p>3.-\u00daS DEL PORTAL<\/p>\n<p>Sucesoresprat.com proporciona l&#8217;acc\u00e9s a multitud d&#8217;informacions, serveis, programes o dades (d&#8217;ara endavant, \u201cels continguts\u201d) en Internet pertanyents a Successors Prat S.A. o als seus llicenciadors als quals l&#8217;USUARI pugui tenir acc\u00e9s. L&#8217;USUARI assumeix la responsabilitat de l&#8217;\u00fas del portal. Aquesta responsabilitat s&#8217;est\u00e9n al registre que fos necessari per a accedir a determinats serveis o continguts.<\/p>\n<p>En aquest registre l&#8217;USUARI ser\u00e0 responsable d&#8217;aportar informaci\u00f3 vera\u00e7 i l\u00edcita. A conseq\u00fc\u00e8ncia d&#8217;aquest registre, a l&#8217;USUARI se li pot proporcionar una contrasenya de la qual ser\u00e0 responsable, comprometent-se a fer un \u00fas diligent i confidencial d&#8217;aquesta. L&#8217;USUARI es compromet a fer un \u00fas adequat dels continguts i serveis (com per exemple serveis de xat, f\u00f2rums de discussi\u00f3 o grups de not\u00edcies) que Successors Prat S.A.creadora del lloc web ofereix a trav\u00e9s del seu portal i amb car\u00e0cter enunciatiu per\u00f2 no limitatiu, a no emprar-los per a (i) inc\u00f3rrer en activitats il\u00b7l\u00edcites, il\u00b7legals o contr\u00e0ries a la bona fe i a l&#8217;ordre p\u00fablic; (*ii) difondre continguts o propaganda de car\u00e0cter racista, xen\u00f2fob, pornogr\u00e0fic-il\u00b7legal, d&#8217;apologia del terrorisme o atemptatori contra els drets humans; (*iii) provocar danys en els sistemes f\u00edsics i l\u00f2gics de Successors Prat S.A.creadora del lloc web , dels seus prove\u00efdors o de terceres persones, introduir o difondre en la xarxa virus inform\u00e0tics o qualssevol altres sistemes f\u00edsics o l\u00f2gics que siguin susceptibles de provocar els danys anteriorment esmentats; (*iv) intentar accedir i, en el seu cas, utilitzar els comptes de correu electr\u00f2nic d&#8217;altres usuaris i modificar-ho manipular els seus missatges. Successors Prat S.A. creadora del lloc web es reserva el dret de retirar tots aquells comentaris i aportacions que vulnerin el respecte a la dignitat de la persona, que siguin discriminatoris, xen\u00f2fobs, racistes, pornogr\u00e0fics, que atemptin contra la joventut o la inf\u00e0ncia, l&#8217;ordre o la seguretat p\u00fablica o que, al seu judici, no resultessin adequats per a la seva publicaci\u00f3. En qualsevol cas, Successors Prat S.A. no ser\u00e0 responsable de les opinions abocades pels usuaris a trav\u00e9s dels f\u00f2rums, xats, o altres eines de participaci\u00f3.<\/p>\n<p>4.-PROTECCI\u00d3 DE DADES<\/p>\n<p>Successores Prat S.A. compleix amb les directrius de la Llei org\u00e0nica 15\/1999 de 13 de desembre de Protecci\u00f3 de Dades de Car\u00e0cter Personal, el Reial decret 1720\/2007 de 21 de desembre pel qual s&#8217;aprova el Reglament de desenvolupament de la Llei org\u00e0nica i altra normativa vigent a cada moment, i vela per garantir un correcte \u00fas i tractament de les dades personals de l&#8217;usuari. Per a aix\u00f2, al costat de cada formulari de recapto de dades de car\u00e0cter personal, en els serveis que l&#8217;usuari pugui sol\u00b7licitar a Successors Prat S.A., far\u00e0 saber a l&#8217;usuari de l&#8217;exist\u00e8ncia i acceptaci\u00f3 de les condicions particulars del tractament de les seves dades en cada cas, informant-lo de la responsabilitat del fitxer creat, la direcci\u00f3 del responsable, la possibilitat d&#8217;exercir els seus drets d&#8217;acc\u00e9s, rectificaci\u00f3, cancel\u00b7laci\u00f3 o oposici\u00f3, la finalitat del tractament i les comunicacions de dades a tercers en el seu cas.<\/p>\n<p>Aix\u00ed mateix, Successors Prat S.A. informa que d\u00f3na compliment a la Llei 34\/2002 d&#8217;11 de juliol, de Serveis de la Societat de la Informaci\u00f3 i el Comer\u00e7 Electr\u00f2nic i li sol\u00b7licitar\u00e0 el seu consentiment al tractament del seu correu electr\u00f2nic amb finalitats comercials a cada moment.<\/p>\n<p>5.-PROPIETAT INTEL\u00b7LECTUAL I INDUSTRIAL<\/p>\n<p>Successors Prat S.A. per si o com a cession\u00e0ria, \u00e9s titular de tots els drets de propietat intel\u00b7lectual i industrial de la seva p\u00e0gina web, aix\u00ed com dels elements continguts en la mateixa (a t\u00edtol enunciatiu, imatges, so, \u00e0udio, v\u00eddeo, programari o textos; marques o logotips, combinacions de colors, estructura i disseny, selecci\u00f3 de materials usats, programes d&#8217;ordinador necessaris per al seu funcionament, acc\u00e9s i \u00fas, etc.), titularitat de Successors Prat S.A. o b\u00e9 dels seus llicenciadors.<\/p>\n<p>Tots els drets reservats. En virtut del que es disposa en els articles 8 i 32.1, par\u00e0graf segon, de la Llei de Propietat Intel\u00b7lectual, queden expressament prohibides la reproducci\u00f3, la distribuci\u00f3 i la comunicaci\u00f3 p\u00fablica, inclosa la seva modalitat de posada a disposici\u00f3, de la totalitat o part dels continguts d&#8217;aquesta p\u00e0gina web, amb finalitats comercials, en qualsevol suport i per qualsevol mitj\u00e0 t\u00e8cnic, sense l&#8217;autoritzaci\u00f3 de Successors Prat S.A.. L&#8217;USUARI es compromet a respectar els drets de Propietat Intel\u00b7lectual i Industrial titularitat de Successors Prat S.A.. Podr\u00e0 visualitzar els elements del portal i fins i tot imprimir-los, copiar-los i emmagatzemar-los en el disc dur del seu ordinador o en qualsevol altre suport f\u00edsic sempre que sigui, exclusivament, per al seu \u00fas personal i privat. L&#8217;USUARI haur\u00e0 d&#8217;abstenir-se de suprimir, alterar, eludir o manipular qualsevol dispositiu de protecci\u00f3 o sistema de seguretat que estigu\u00e9s instal\u00b7lat en el les p\u00e0gines de Successors Prat S.A..<\/p>\n<p>6.-EXCLUSI\u00d3 DE GARANTIES I RESPONSABILITAT<\/p>\n<p>Successors Prat S.A. no es fa responsable, en cap cas, dels danys i perjudicis de qualsevol naturalesa que poguessin ocasionar, a t\u00edtol enunciatiu: errors o omissions en els continguts, falta de disponibilitat del portal o la transmissi\u00f3 de virus o programes maliciosos o lesius en els continguts, malgrat haver adoptat totes les mesures tecnol\u00f2giques necess\u00e0ries per a evitar-ho.<\/p>\n<p>7.-MODIFICACIONS<\/p>\n<p>Successors Prat S.A. es reserva el dret d&#8217;efectuar sense previ av\u00eds les modificacions que consideri oportunes en el seu portal, podent canviar, suprimir o afegir tant els continguts i serveis que es prestin a trav\u00e9s de la mateixa com la forma en la qual aquests apareguin presentats o localitzats en el seu portal.<\/p>\n<p>8.-ENLLA\u00c7OS<\/p>\n<p>En el cas que en sucesoresprat.com es disposessin enlla\u00e7os o enlla\u00e7os feia altres llocs d&#8217;Internet, Successors Prat S.A. no exercir\u00e0 cap mena de control sobre aquests llocs i continguts. En cap cas Successors Prat S.A. assumir\u00e0 cap responsabilitat pels continguts d&#8217;algun enlla\u00e7 pertanyent a un lloc web ali\u00e8, ni garantir\u00e0 la disponibilitat t\u00e8cnica, qualitat, fiabilitat, exactitud, amplitud, veracitat, validesa i constitucionalitat de qualsevol material o informaci\u00f3 continguda en cap d&#8217;aquests enlla\u00e7os o altres llocs d&#8217;Internet.<\/p>\n<p>Igualment la inclusi\u00f3 d&#8217;aquestes connexions externes no implicar\u00e0 cap mena d&#8217;associaci\u00f3, fusi\u00f3 o participaci\u00f3 amb les entitats connectades.<\/p>\n<p>9.-DRET D&#8217;EXCLUSI\u00d3<\/p>\n<p>Successors Prat S.A. es reserva el dret a denegar o retirar l&#8217;acc\u00e9s a portal i\/o els serveis oferts sense necessitat de preav\u00eds, a inst\u00e0ncia pr\u00f2pia o d&#8217;un tercer, a aquells usuaris que incompleixin les presents Condicions Generals d&#8217;\u00das.<\/p>\n<p>10.-GENERALITATS<\/p>\n<p>Successors Prat S.A. perseguir\u00e0 l&#8217;incompliment de les presents condicions aix\u00ed com qualsevol utilitzaci\u00f3 indeguda del seu portal exercint totes les accions civils i penals que li puguin correspondre en dret.<\/p>\n<p>11.-MODIFICACI\u00d3 DE LES PRESENTS CONDICIONS I DURADA<\/p>\n<p>Successors Prat S.A. podr\u00e0 modificar en qualsevol moment les condicions aqu\u00ed determinades, sent degudament publicades com aqu\u00ed apareixen.<\/p>\n<p>La vig\u00e8ncia de les citades condicions anir\u00e0 en funci\u00f3 de la seva exposici\u00f3 i estaran vigents fins degudament publicades. que siguin modificades per unes altres.<\/p>\n<p>12.-LEGISLACI\u00d3 APLICABLE I JURISDICCI\u00d3<\/p>\n<p>La relaci\u00f3 entre Successors Prat S.A. i l&#8217;USUARI es regir\u00e0 per la normativa espanyola vigent i qualsevol controv\u00e8rsia se sotmetr\u00e0 als Jutjats i tribunals de la ciutat de Barcelona.<\/p>\n\t\t\t\t\t<\/div>\n\t\t\t\t\t\t<\/div>\n\t\t\t\t<\/div>\n\t\t\t\t\t\t<\/div>\n\t\t\t\t\t<\/div>\n\t\t<\/div>\n\t\t\t\t\t\t\t\t<\/div>\n\t\t\t\t\t<\/div>\n\t\t<\/section>\n\t\t\t\t\t\t\t\t\t<\/div>\n\t\t\t<\/div>\n\t\t\t\t\t<\/div>\n\t\t","protected":false},"excerpt":{"rendered":"<p>1.-DADES IDENTIFICATIVES En compliment amb el deure d&#8217;informaci\u00f3 recollit en article 10 de la Llei 34\/2002, d&#8217;11 de juliol, de Serveis de la Societat de la Informaci\u00f3 i del Comer\u00e7 Electr\u00f2nic, a continuaci\u00f3 es reflecteixen les seg\u00fcents dades: l&#8217;empresa titular de domini web \u00e9s Successors Prat S.A., amb domicili a aquest efecte en C\/ *Vallparda [&hellip;]<\/p>\n","protected":false},"author":1,"featured_media":0,"parent":0,"menu_order":0,"comment_status":"closed","ping_status":"closed","template":"","meta":[],"yoast_head":"<!-- This site is optimized with the Yoast SEO plugin v20.10 - https:\/\/yoast.com\/wordpress\/plugins\/seo\/ -->\n<title>Av\u00eds legal - Fustes Prat - Sucesores Prat<\/title>\n<meta name=\"robots\" content=\"index, follow, max-snippet:-1, max-image-preview:large, max-video-preview:-1\" \/>\n<link rel=\"canonical\" href=\"https:\/\/fustesprat.cat\/ca\/avis-legal\/\" \/>\n<meta property=\"og:locale\" content=\"ca_ES\" \/>\n<meta property=\"og:type\" content=\"article\" \/>\n<meta property=\"og:title\" content=\"Av\u00eds legal - Fustes Prat - Sucesores Prat\" \/>\n<meta property=\"og:description\" content=\"1.-DADES IDENTIFICATIVES En compliment amb el deure d&#8217;informaci\u00f3 recollit en article 10 de la Llei 34\/2002, d&#8217;11 de juliol, de Serveis de la Societat de la Informaci\u00f3 i del Comer\u00e7 Electr\u00f2nic, a continuaci\u00f3 es reflecteixen les seg\u00fcents dades: l&#8217;empresa titular de domini web \u00e9s Successors Prat S.A., amb domicili a aquest efecte en C\/ *Vallparda [&hellip;]\" \/>\n<meta property=\"og:url\" content=\"https:\/\/fustesprat.cat\/ca\/avis-legal\/\" \/>\n<meta property=\"og:site_name\" content=\"Fustes Prat - Sucesores Prat\" \/>\n<meta property=\"article:modified_time\" content=\"2021-01-17T10:06:48+00:00\" \/>\n<meta name=\"twitter:card\" content=\"summary_large_image\" \/>\n<script type=\"application\/ld+json\" class=\"yoast-schema-graph\">{\"@context\":\"https:\/\/schema.org\",\"@graph\":[{\"@type\":\"WebPage\",\"@id\":\"https:\/\/fustesprat.cat\/ca\/avis-legal\/\",\"url\":\"https:\/\/fustesprat.cat\/ca\/avis-legal\/\",\"name\":\"Av\u00eds legal - Fustes Prat - Sucesores Prat\",\"isPartOf\":{\"@id\":\"https:\/\/fustesprat.cat\/ca\/#website\"},\"datePublished\":\"2021-01-17T10:06:47+00:00\",\"dateModified\":\"2021-01-17T10:06:48+00:00\",\"breadcrumb\":{\"@id\":\"https:\/\/fustesprat.cat\/ca\/avis-legal\/#breadcrumb\"},\"inLanguage\":\"ca\",\"potentialAction\":[{\"@type\":\"ReadAction\",\"target\":[\"https:\/\/fustesprat.cat\/ca\/avis-legal\/\"]}]},{\"@type\":\"BreadcrumbList\",\"@id\":\"https:\/\/fustesprat.cat\/ca\/avis-legal\/#breadcrumb\",\"itemListElement\":[{\"@type\":\"ListItem\",\"position\":1,\"name\":\"Portada\",\"item\":\"https:\/\/fustesprat.cat\/ca\/\"},{\"@type\":\"ListItem\",\"position\":2,\"name\":\"Av\u00eds legal\"}]},{\"@type\":\"WebSite\",\"@id\":\"https:\/\/fustesprat.cat\/ca\/#website\",\"url\":\"https:\/\/fustesprat.cat\/ca\/\",\"name\":\"Fustes Prat - Sucesores Prat\",\"description\":\"Tableros, puertas, parquets, tarimas, celos\u00edas, frisos, listonaje,cocinas. Todo en madera.\",\"publisher\":{\"@id\":\"https:\/\/fustesprat.cat\/ca\/#organization\"},\"potentialAction\":[{\"@type\":\"SearchAction\",\"target\":{\"@type\":\"EntryPoint\",\"urlTemplate\":\"https:\/\/fustesprat.cat\/ca\/?s={search_term_string}\"},\"query-input\":\"required name=search_term_string\"}],\"inLanguage\":\"ca\"},{\"@type\":\"Organization\",\"@id\":\"https:\/\/fustesprat.cat\/ca\/#organization\",\"name\":\"Sucesores Prat S.A.\",\"url\":\"https:\/\/fustesprat.cat\/ca\/\",\"logo\":{\"@type\":\"ImageObject\",\"inLanguage\":\"ca\",\"@id\":\"https:\/\/fustesprat.cat\/ca\/#\/schema\/logo\/image\/\",\"url\":\"https:\/\/fustesprat.cat\/wp-content\/uploads\/2020\/07\/logo-fustesprat.jpg\",\"contentUrl\":\"https:\/\/fustesprat.cat\/wp-content\/uploads\/2020\/07\/logo-fustesprat.jpg\",\"width\":583,\"height\":209,\"caption\":\"Sucesores Prat S.A.\"},\"image\":{\"@id\":\"https:\/\/fustesprat.cat\/ca\/#\/schema\/logo\/image\/\"}}]}<\/script>\n<!-- \/ Yoast SEO plugin. -->","yoast_head_json":{"title":"Av\u00eds legal - Fustes Prat - Sucesores Prat","robots":{"index":"index","follow":"follow","max-snippet":"max-snippet:-1","max-image-preview":"max-image-preview:large","max-video-preview":"max-video-preview:-1"},"canonical":"https:\/\/fustesprat.cat\/ca\/avis-legal\/","og_locale":"ca_ES","og_type":"article","og_title":"Av\u00eds legal - Fustes Prat - Sucesores Prat","og_description":"1.-DADES IDENTIFICATIVES En compliment amb el deure d&#8217;informaci\u00f3 recollit en article 10 de la Llei 34\/2002, d&#8217;11 de juliol, de Serveis de la Societat de la Informaci\u00f3 i del Comer\u00e7 Electr\u00f2nic, a continuaci\u00f3 es reflecteixen les seg\u00fcents dades: l&#8217;empresa titular de domini web \u00e9s Successors Prat S.A., amb domicili a aquest efecte en C\/ *Vallparda [&hellip;]","og_url":"https:\/\/fustesprat.cat\/ca\/avis-legal\/","og_site_name":"Fustes Prat - Sucesores Prat","article_modified_time":"2021-01-17T10:06:48+00:00","twitter_card":"summary_large_image","schema":{"@context":"https:\/\/schema.org","@graph":[{"@type":"WebPage","@id":"https:\/\/fustesprat.cat\/ca\/avis-legal\/","url":"https:\/\/fustesprat.cat\/ca\/avis-legal\/","name":"Av\u00eds legal - Fustes Prat - Sucesores Prat","isPartOf":{"@id":"https:\/\/fustesprat.cat\/ca\/#website"},"datePublished":"2021-01-17T10:06:47+00:00","dateModified":"2021-01-17T10:06:48+00:00","breadcrumb":{"@id":"https:\/\/fustesprat.cat\/ca\/avis-legal\/#breadcrumb"},"inLanguage":"ca","potentialAction":[{"@type":"ReadAction","target":["https:\/\/fustesprat.cat\/ca\/avis-legal\/"]}]},{"@type":"BreadcrumbList","@id":"https:\/\/fustesprat.cat\/ca\/avis-legal\/#breadcrumb","itemListElement":[{"@type":"ListItem","position":1,"name":"Portada","item":"https:\/\/fustesprat.cat\/ca\/"},{"@type":"ListItem","position":2,"name":"Av\u00eds legal"}]},{"@type":"WebSite","@id":"https:\/\/fustesprat.cat\/ca\/#website","url":"https:\/\/fustesprat.cat\/ca\/","name":"Fustes Prat - Sucesores Prat","description":"Tableros, puertas, parquets, tarimas, celos\u00edas, frisos, listonaje,cocinas. Todo en madera.","publisher":{"@id":"https:\/\/fustesprat.cat\/ca\/#organization"},"potentialAction":[{"@type":"SearchAction","target":{"@type":"EntryPoint","urlTemplate":"https:\/\/fustesprat.cat\/ca\/?s={search_term_string}"},"query-input":"required name=search_term_string"}],"inLanguage":"ca"},{"@type":"Organization","@id":"https:\/\/fustesprat.cat\/ca\/#organization","name":"Sucesores Prat S.A.","url":"https:\/\/fustesprat.cat\/ca\/","logo":{"@type":"ImageObject","inLanguage":"ca","@id":"https:\/\/fustesprat.cat\/ca\/#\/schema\/logo\/image\/","url":"https:\/\/fustesprat.cat\/wp-content\/uploads\/2020\/07\/logo-fustesprat.jpg","contentUrl":"https:\/\/fustesprat.cat\/wp-content\/uploads\/2020\/07\/logo-fustesprat.jpg","width":583,"height":209,"caption":"Sucesores Prat S.A."},"image":{"@id":"https:\/\/fustesprat.cat\/ca\/#\/schema\/logo\/image\/"}}]}},"_links":{"self":[{"href":"https:\/\/fustesprat.cat\/ca\/wp-json\/wp\/v2\/pages\/2066"}],"collection":[{"href":"https:\/\/fustesprat.cat\/ca\/wp-json\/wp\/v2\/pages"}],"about":[{"href":"https:\/\/fustesprat.cat\/ca\/wp-json\/wp\/v2\/types\/page"}],"author":[{"embeddable":true,"href":"https:\/\/fustesprat.cat\/ca\/wp-json\/wp\/v2\/users\/1"}],"replies":[{"embeddable":true,"href":"https:\/\/fustesprat.cat\/ca\/wp-json\/wp\/v2\/comments?post=2066"}],"version-history":[{"count":1,"href":"https:\/\/fustesprat.cat\/ca\/wp-json\/wp\/v2\/pages\/2066\/revisions"}],"predecessor-version":[{"id":2067,"href":"https:\/\/fustesprat.cat\/ca\/wp-json\/wp\/v2\/pages\/2066\/revisions\/2067"}],"wp:attachment":[{"href":"https:\/\/fustesprat.cat\/ca\/wp-json\/wp\/v2\/media?parent=2066"}],"curies":[{"name":"wp","href":"https:\/\/api.w.org\/{rel}","templated":true}]}}