{"id":2076,"date":"2021-01-17T10:20:45","date_gmt":"2021-01-17T10:20:45","guid":{"rendered":"https:\/\/fustesprat.cat\/politica-de-privacitat\/"},"modified":"2021-01-17T10:23:28","modified_gmt":"2021-01-17T10:23:28","slug":"politica-de-privacitat","status":"publish","type":"page","link":"https:\/\/fustesprat.cat\/ca\/politica-de-privacitat\/","title":{"rendered":"Pol\u00edtica de privacitat"},"content":{"rendered":"\t\t<div data-elementor-type=\"wp-page\" data-elementor-id=\"2076\" class=\"elementor elementor-2076 elementor-28\">\n\t\t\t\t\t\t<div class=\"elementor-inner\">\n\t\t\t\t<div class=\"elementor-section-wrap\">\n\t\t\t\t\t\t\t\t\t<section class=\"elementor-section elementor-top-section elementor-element elementor-element-37a9875 elementor-section-boxed elementor-section-height-default elementor-section-height-default\" data-id=\"37a9875\" data-element_type=\"section\">\n\t\t\t\t\t\t<div class=\"elementor-container elementor-column-gap-default\">\n\t\t\t\t\t\t\t<div class=\"elementor-row\">\n\t\t\t\t\t<div class=\"elementor-column elementor-col-100 elementor-top-column elementor-element elementor-element-669fb7a\" data-id=\"669fb7a\" data-element_type=\"column\">\n\t\t\t<div class=\"elementor-column-wrap elementor-element-populated\">\n\t\t\t\t\t\t\t<div class=\"elementor-widget-wrap\">\n\t\t\t\t\t\t<div class=\"elementor-element elementor-element-1182128 elementor-widget elementor-widget-heading\" data-id=\"1182128\" data-element_type=\"widget\" data-widget_type=\"heading.default\">\n\t\t\t\t<div class=\"elementor-widget-container\">\n\t\t\t<h2 class=\"elementor-heading-title elementor-size-default\">Pol\u00edtica de privacitat<\/h2>\t\t<\/div>\n\t\t\t\t<\/div>\n\t\t\t\t<div class=\"elementor-element elementor-element-816b1ca elementor-widget elementor-widget-text-editor\" data-id=\"816b1ca\" data-element_type=\"widget\" data-widget_type=\"text-editor.default\">\n\t\t\t\t<div class=\"elementor-widget-container\">\n\t\t\t\t\t\t\t\t<div class=\"elementor-text-editor elementor-clearfix\">\n\t\t\t\t<p>La present Pol\u00edtica de Privacitat estableix els termes en qu\u00e8 Successors Prat SA usa i protegeix la informaci\u00f3 que \u00e9s proporcionada pels seus usuaris a l&#8217;hora d&#8217;utilitzar el seu lloc web.\u00a0Aquesta companyia est\u00e0 compromesa amb la seguretat de les dades dels seus usuaris.\u00a0<span class=\"goog-text-highlight\">Quan li demanem omplir els camps d&#8217;informaci\u00f3 personal amb la qual vost\u00e8 pugui ser identificat, ho fem assegurant que nom\u00e9s es far\u00e0 servir d&#8217;acord amb els termes d&#8217;aquest document.\u00a0<\/span>No obstant aix\u00f2 aquesta pol\u00edtica de privacitat pot canviar amb el temps o ser actualitzada pel que li recomanem i emfatitzem revisar cont\u00ednuament aquesta p\u00e0gina per assegurar-se que est\u00e0 d&#8217;acord amb aquests canvis.<\/p>\n<p><strong>Informaci\u00f3 que \u00e9s recollida<\/strong><\/p>\n<p>El nostre lloc web podr\u00e0 recollir informaci\u00f3 personal per exemple: Nom, informaci\u00f3 de contacte com la seva adre\u00e7a de correu electr\u00f2nica i informaci\u00f3 demogr\u00e0fica.\u00a0Aix\u00ed mateix quan sigui necessari podr\u00e0 ser requerida informaci\u00f3 espec\u00edfica per processar alguna comanda o realitzar un lliurament o facturaci\u00f3.<\/p>\n<p><strong>\u00das de la informaci\u00f3 recollida<\/strong><\/p>\n<p>El nostre lloc web empra la informaci\u00f3 per tal de proporcionar el millor servei possible, particularment per mantenir un registre d&#8217;usuaris, de comandes en cas que apliqui, i millorar els nostres productes i serveis.\u00a0\u00c9s possible que siguin enviats correus electr\u00f2nics peri\u00f2dicament a trav\u00e9s del nostre lloc amb ofertes especials, nous productes i altra informaci\u00f3 publicit\u00e0ria que considerem rellevant per a vost\u00e8 o que pugui brindar algun benefici, aquests correus electr\u00f2nics seran enviats a l&#8217;adre\u00e7a que vost\u00e8 proporcioni i podran ser cancel\u00b7lats en qualsevol moment.<\/p>\n<p>Successors Prat SA est\u00e0 altament comprom\u00e8s per complir amb el comprom\u00eds de mantenir la seva informaci\u00f3 segura.\u00a0Fem servir els sistemes m\u00e9s avan\u00e7ats i els actualitzem constantment per assegurar-nos que no hi hagi cap acc\u00e9s no autoritzat.<\/p>\n<p>Successors Prat SA t&#8217;informa que les dades de car\u00e0cter personal proporcionades omplint aquest formulari seran tractades per (Successors Prat SA) com a responsable d&#8217;aquesta web.<\/p>\n<p><strong>La finalitat<\/strong>\u00a0de la recollida i tractament de les dades personals que se sol\u00b7liciten \u00e9s per gestionar la sol\u00b7licitud realitzada en aquest formulari de contacte i poder disposar del seu contacte per poder mantenir converses.<\/p>\n<p><strong>Legitimaci\u00f3<\/strong>\u00a0: Consentiment de l&#8217;interessat.\u00a0Com a usuari i interessat li informo que les dades facilitades estaran ubicats en els nostres prove\u00efdors de hosting i de correu electr\u00f2nic dins de la UE.\u00a0El no introduir les dades de car\u00e0cter personal que apareixen al formulari com a obligatoris podr\u00e0 tenir com a conseq\u00fc\u00e8ncia que no puguem atendre la seva sol\u00b7licitud.<\/p>\n<p><strong>Drets d&#8217;acc\u00e9s:<\/strong>\u00a0Podr\u00e0 exercir els seus drets d&#8217;acc\u00e9s, rectificaci\u00f3, limitaci\u00f3 i suprimir les dades en info@fustesprat.cat aix\u00ed com el dret a presentar una reclamaci\u00f3 davant d&#8217;una autoritat de control.<\/p>\n\t\t\t\t\t<\/div>\n\t\t\t\t\t\t<\/div>\n\t\t\t\t<\/div>\n\t\t\t\t\t\t<\/div>\n\t\t\t\t\t<\/div>\n\t\t<\/div>\n\t\t\t\t\t\t\t\t<\/div>\n\t\t\t\t\t<\/div>\n\t\t<\/section>\n\t\t\t\t\t\t\t\t\t<\/div>\n\t\t\t<\/div>\n\t\t\t\t\t<\/div>\n\t\t","protected":false},"excerpt":{"rendered":"<p>La present Pol\u00edtica de Privacitat estableix els termes en qu\u00e8 Successors Prat SA usa i protegeix la informaci\u00f3 que \u00e9s proporcionada pels seus usuaris a l&#8217;hora d&#8217;utilitzar el seu lloc web.\u00a0Aquesta companyia est\u00e0 compromesa amb la seguretat de les dades dels seus usuaris.\u00a0Quan li demanem omplir els camps d&#8217;informaci\u00f3 personal amb la qual vost\u00e8 pugui [&hellip;]<\/p>\n","protected":false},"author":1,"featured_media":0,"parent":0,"menu_order":0,"comment_status":"closed","ping_status":"closed","template":"","meta":[],"yoast_head":"<!-- This site is optimized with the Yoast SEO plugin v20.10 - https:\/\/yoast.com\/wordpress\/plugins\/seo\/ -->\n<title>Pol\u00edtica de privacitat - Fustes Prat - Sucesores Prat<\/title>\n<meta name=\"robots\" content=\"index, follow, max-snippet:-1, max-image-preview:large, max-video-preview:-1\" \/>\n<link rel=\"canonical\" href=\"https:\/\/fustesprat.cat\/ca\/politica-de-privacitat\/\" \/>\n<meta property=\"og:locale\" content=\"ca_ES\" \/>\n<meta property=\"og:type\" content=\"article\" \/>\n<meta property=\"og:title\" content=\"Pol\u00edtica de privacitat - Fustes Prat - Sucesores Prat\" \/>\n<meta property=\"og:description\" content=\"La present Pol\u00edtica de Privacitat estableix els termes en qu\u00e8 Successors Prat SA usa i protegeix la informaci\u00f3 que \u00e9s proporcionada pels seus usuaris a l&#8217;hora d&#8217;utilitzar el seu lloc web.\u00a0Aquesta companyia est\u00e0 compromesa amb la seguretat de les dades dels seus usuaris.\u00a0Quan li demanem omplir els camps d&#8217;informaci\u00f3 personal amb la qual vost\u00e8 pugui [&hellip;]\" \/>\n<meta property=\"og:url\" content=\"https:\/\/fustesprat.cat\/ca\/politica-de-privacitat\/\" \/>\n<meta property=\"og:site_name\" content=\"Fustes Prat - Sucesores Prat\" \/>\n<meta property=\"article:modified_time\" content=\"2021-01-17T10:23:28+00:00\" \/>\n<meta name=\"twitter:card\" content=\"summary_large_image\" \/>\n<script type=\"application\/ld+json\" class=\"yoast-schema-graph\">{\"@context\":\"https:\/\/schema.org\",\"@graph\":[{\"@type\":\"WebPage\",\"@id\":\"https:\/\/fustesprat.cat\/ca\/politica-de-privacitat\/\",\"url\":\"https:\/\/fustesprat.cat\/ca\/politica-de-privacitat\/\",\"name\":\"Pol\u00edtica de privacitat - Fustes Prat - Sucesores Prat\",\"isPartOf\":{\"@id\":\"https:\/\/fustesprat.cat\/ca\/#website\"},\"datePublished\":\"2021-01-17T10:20:45+00:00\",\"dateModified\":\"2021-01-17T10:23:28+00:00\",\"breadcrumb\":{\"@id\":\"https:\/\/fustesprat.cat\/ca\/politica-de-privacitat\/#breadcrumb\"},\"inLanguage\":\"ca\",\"potentialAction\":[{\"@type\":\"ReadAction\",\"target\":[\"https:\/\/fustesprat.cat\/ca\/politica-de-privacitat\/\"]}]},{\"@type\":\"BreadcrumbList\",\"@id\":\"https:\/\/fustesprat.cat\/ca\/politica-de-privacitat\/#breadcrumb\",\"itemListElement\":[{\"@type\":\"ListItem\",\"position\":1,\"name\":\"Portada\",\"item\":\"https:\/\/fustesprat.cat\/ca\/\"},{\"@type\":\"ListItem\",\"position\":2,\"name\":\"Pol\u00edtica de privacitat\"}]},{\"@type\":\"WebSite\",\"@id\":\"https:\/\/fustesprat.cat\/ca\/#website\",\"url\":\"https:\/\/fustesprat.cat\/ca\/\",\"name\":\"Fustes Prat - Sucesores Prat\",\"description\":\"Tableros, puertas, parquets, tarimas, celos\u00edas, frisos, listonaje,cocinas. Todo en madera.\",\"publisher\":{\"@id\":\"https:\/\/fustesprat.cat\/ca\/#organization\"},\"potentialAction\":[{\"@type\":\"SearchAction\",\"target\":{\"@type\":\"EntryPoint\",\"urlTemplate\":\"https:\/\/fustesprat.cat\/ca\/?s={search_term_string}\"},\"query-input\":\"required name=search_term_string\"}],\"inLanguage\":\"ca\"},{\"@type\":\"Organization\",\"@id\":\"https:\/\/fustesprat.cat\/ca\/#organization\",\"name\":\"Sucesores Prat S.A.\",\"url\":\"https:\/\/fustesprat.cat\/ca\/\",\"logo\":{\"@type\":\"ImageObject\",\"inLanguage\":\"ca\",\"@id\":\"https:\/\/fustesprat.cat\/ca\/#\/schema\/logo\/image\/\",\"url\":\"https:\/\/fustesprat.cat\/wp-content\/uploads\/2020\/07\/logo-fustesprat.jpg\",\"contentUrl\":\"https:\/\/fustesprat.cat\/wp-content\/uploads\/2020\/07\/logo-fustesprat.jpg\",\"width\":583,\"height\":209,\"caption\":\"Sucesores Prat S.A.\"},\"image\":{\"@id\":\"https:\/\/fustesprat.cat\/ca\/#\/schema\/logo\/image\/\"}}]}<\/script>\n<!-- \/ Yoast SEO plugin. -->","yoast_head_json":{"title":"Pol\u00edtica de privacitat - Fustes Prat - Sucesores Prat","robots":{"index":"index","follow":"follow","max-snippet":"max-snippet:-1","max-image-preview":"max-image-preview:large","max-video-preview":"max-video-preview:-1"},"canonical":"https:\/\/fustesprat.cat\/ca\/politica-de-privacitat\/","og_locale":"ca_ES","og_type":"article","og_title":"Pol\u00edtica de privacitat - Fustes Prat - Sucesores Prat","og_description":"La present Pol\u00edtica de Privacitat estableix els termes en qu\u00e8 Successors Prat SA usa i protegeix la informaci\u00f3 que \u00e9s proporcionada pels seus usuaris a l&#8217;hora d&#8217;utilitzar el seu lloc web.\u00a0Aquesta companyia est\u00e0 compromesa amb la seguretat de les dades dels seus usuaris.\u00a0Quan li demanem omplir els camps d&#8217;informaci\u00f3 personal amb la qual vost\u00e8 pugui [&hellip;]","og_url":"https:\/\/fustesprat.cat\/ca\/politica-de-privacitat\/","og_site_name":"Fustes Prat - Sucesores Prat","article_modified_time":"2021-01-17T10:23:28+00:00","twitter_card":"summary_large_image","schema":{"@context":"https:\/\/schema.org","@graph":[{"@type":"WebPage","@id":"https:\/\/fustesprat.cat\/ca\/politica-de-privacitat\/","url":"https:\/\/fustesprat.cat\/ca\/politica-de-privacitat\/","name":"Pol\u00edtica de privacitat - Fustes Prat - Sucesores Prat","isPartOf":{"@id":"https:\/\/fustesprat.cat\/ca\/#website"},"datePublished":"2021-01-17T10:20:45+00:00","dateModified":"2021-01-17T10:23:28+00:00","breadcrumb":{"@id":"https:\/\/fustesprat.cat\/ca\/politica-de-privacitat\/#breadcrumb"},"inLanguage":"ca","potentialAction":[{"@type":"ReadAction","target":["https:\/\/fustesprat.cat\/ca\/politica-de-privacitat\/"]}]},{"@type":"BreadcrumbList","@id":"https:\/\/fustesprat.cat\/ca\/politica-de-privacitat\/#breadcrumb","itemListElement":[{"@type":"ListItem","position":1,"name":"Portada","item":"https:\/\/fustesprat.cat\/ca\/"},{"@type":"ListItem","position":2,"name":"Pol\u00edtica de privacitat"}]},{"@type":"WebSite","@id":"https:\/\/fustesprat.cat\/ca\/#website","url":"https:\/\/fustesprat.cat\/ca\/","name":"Fustes Prat - Sucesores Prat","description":"Tableros, puertas, parquets, tarimas, celos\u00edas, frisos, listonaje,cocinas. Todo en madera.","publisher":{"@id":"https:\/\/fustesprat.cat\/ca\/#organization"},"potentialAction":[{"@type":"SearchAction","target":{"@type":"EntryPoint","urlTemplate":"https:\/\/fustesprat.cat\/ca\/?s={search_term_string}"},"query-input":"required name=search_term_string"}],"inLanguage":"ca"},{"@type":"Organization","@id":"https:\/\/fustesprat.cat\/ca\/#organization","name":"Sucesores Prat S.A.","url":"https:\/\/fustesprat.cat\/ca\/","logo":{"@type":"ImageObject","inLanguage":"ca","@id":"https:\/\/fustesprat.cat\/ca\/#\/schema\/logo\/image\/","url":"https:\/\/fustesprat.cat\/wp-content\/uploads\/2020\/07\/logo-fustesprat.jpg","contentUrl":"https:\/\/fustesprat.cat\/wp-content\/uploads\/2020\/07\/logo-fustesprat.jpg","width":583,"height":209,"caption":"Sucesores Prat S.A."},"image":{"@id":"https:\/\/fustesprat.cat\/ca\/#\/schema\/logo\/image\/"}}]}},"_links":{"self":[{"href":"https:\/\/fustesprat.cat\/ca\/wp-json\/wp\/v2\/pages\/2076"}],"collection":[{"href":"https:\/\/fustesprat.cat\/ca\/wp-json\/wp\/v2\/pages"}],"about":[{"href":"https:\/\/fustesprat.cat\/ca\/wp-json\/wp\/v2\/types\/page"}],"author":[{"embeddable":true,"href":"https:\/\/fustesprat.cat\/ca\/wp-json\/wp\/v2\/users\/1"}],"replies":[{"embeddable":true,"href":"https:\/\/fustesprat.cat\/ca\/wp-json\/wp\/v2\/comments?post=2076"}],"version-history":[{"count":1,"href":"https:\/\/fustesprat.cat\/ca\/wp-json\/wp\/v2\/pages\/2076\/revisions"}],"predecessor-version":[{"id":2077,"href":"https:\/\/fustesprat.cat\/ca\/wp-json\/wp\/v2\/pages\/2076\/revisions\/2077"}],"wp:attachment":[{"href":"https:\/\/fustesprat.cat\/ca\/wp-json\/wp\/v2\/media?parent=2076"}],"curies":[{"name":"wp","href":"https:\/\/api.w.org\/{rel}","templated":true}]}}